{"id":1246,"date":"2025-08-18T14:25:48","date_gmt":"2025-08-18T14:25:48","guid":{"rendered":"https:\/\/roll-bags.ro\/acasa\/?page_id=1246"},"modified":"2025-08-19T08:11:51","modified_gmt":"2025-08-19T08:11:51","slug":"proiect-prsm","status":"publish","type":"page","link":"https:\/\/roll-bags.ro\/acasa\/proiect-prsm\/","title":{"rendered":"Proiect PRSM"},"content":{"rendered":"<p>[et_pb_section fb_built=&#8221;1&#8243; admin_label=&#8221;section&#8221; _builder_version=&#8221;3.0.47&#8243;][et_pb_row _builder_version=&#8221;3.0.96&#8243;][et_pb_column type=&#8221;4_4&#8243; _builder_version=&#8221;3.0.96&#8243; parallax=&#8221;off&#8221; parallax_method=&#8221;on&#8221;][et_pb_image src=&#8221;https:\/\/roll-bags.ro\/wp-content\/uploads\/2025\/08\/REGIO-SUD-MUNTENIA.png&#8221; _builder_version=&#8221;3.0.96&#8243;][\/et_pb_image][et_pb_text _builder_version=&#8221;3.0.96&#8243;]<\/p>\n<h1>Descrierea proiectului \u201eInvestitii la ROLL-BAGS PLAST AG SRL<span>\u201d<\/span><\/h1>\n<p>&nbsp;<\/p>\n<p>ROLL-BAGS PLAST AG SRL, \u00een calitate de Beneficiar al Contractului de Finan\u021bare nr. 371\/30.07.2025, semnat in 31.07.2025, \u00eencheiat cu AM_PRSM_Agen\u021bia pentru Dezvoltare Regional\u0103 Sud-Muntenia (ADR Sud-Muntenia), implementeaz\u0103 \u00een perioada iulie 2025 &#8211; martie 2027, la punctul de lucru din Sat Smeura, Comuna Mosoaia, Calea Dragasani, Nr. 158, Judet Arges, proiectul cu titlul \u201eInvestitii la ROLL-BAGS PLAST AG SRL\u201d, Cod SMIS 324751, finan\u021bat prin Programul Regional Sud-Muntenia 2021-2027, Prioritate P1 &#8211; O regiune competitiv\u0103 prin inovare, digitalizare \u0219i \u00eentreprinderi dinamice, Obiectiv specific RSO 1.3 &#8211; Intensificarea cre\u0219terii sustenabile \u0219i cre\u0219terea competitivit\u0103\u021bii IMM-urilor \u0219i crearea de locuri de munc\u0103 \u00een cadrul IMM-urilor, inclusiv prin investi\u021bii productive (FEDR),\u00a0Apelul PRSM\/160\/PRSM_P1\/OP1\/RSO1.3\/PRSM_A44.<\/p>\n<p>Scopul \u0219i obiectivul general al proiectului il reprezinta stimularea cresterii economice inteligente, durabile si echilibrate a ROLL-BAGS PLAST AG SRL, aspect care va conduce la imbunatatirea calitatii vietii comunitatilor locale prin sustinerea capacitatii de inovare si digitalizare a administratiei locale si a economiei regionale, dezvoltarea durabila a infrastructurii si serviciilor si valorificarea potentialului cultural si turistic al regiunii, stimularea cresterii economice inteligente, durabile si echilibrate a regiunii Sud-Muntenia. Obiectivele specifice ale proiectului sunt: OS1 \u2013 Intensificarea cresterii sustenabile si competitive a ROLL-BAGS PLAST AG SRL, prin dotarea cu echipamente\/dotari de ultima generatie a fabricii de productie, upgradarea site-ului existent cu instrumente de comercializare online, achizitia de servicii, pana la finalizarea implementarii proiectului; OS2 \u2013 Crearea unui loc de munca in cadrul ROLL-BAGS PLAST AG SRL, cu norma intreaga, pe perioada nedeterminata, care sa completeze necesarul de personal la punctul de lucru mai sus mentionat, creat pana la finalizarea implementarii proiectului si mentinut in perioada de durabilitate a proiectului.<\/p>\n<p>Rezultatele a\u0219teptate sunt: R1 &#8211; O hala dotata cu active corporale, active necorporale, servicii, pentru dezvoltarea activitatii conform cod CAEN 2222, la punctul de lucru mentionat mai sus, in perioada de implementare a proiectului. Echipamente\/dotari achizitionate \u2013 8; Active necorporale achizitionate \u2013 1; Participari la targuri si evenimente externe \u2013 1; Certificare proces \u2013 1; Certificare produs \u2013 1; R2 &#8211; Minim un loc de munca nou creat, cu norma intreaga, pe perioada nedeterminata, care sa completeze necesarul de personal la punctul de lucru, creat pana la finalizarea implementarii proiectului si mentinut in perioada de durabilitate a proiectului.<\/p>\n<p>Bugetul total al proiectului este de 127.623,09 Euro, din care: Buget UE: 69.071,57 Euro, Buget na\u021bional: 12.189,10 Euro, Buget beneficiar: 20.315,17 Euro. La acestea din urm\u0103 se adaug\u0103 valoarea neeligibil\u0103 a proiectului (inclusiv TVA neeligibil) de 26.047,24 Euro.<\/p>\n<p>Informa\u021bii suplimentare se pot ob\u021bine de la dna. Sofronie Nicoleta-Andreea &#8211; Manager de proiect, date de contact: telefon 0722323942, e-mail andreea.sofronie@roll-bags.ro, website <span><a href=\"..\/\">https:\/\/roll-bags.ro\/acasa\/<\/a><\/span>.<\/p>\n<p><em>Pentru informa\u021bii detaliate despre Programul Regional Sud-Muntenia 2021-2027, v\u0103 invit\u0103m s\u0103 vizita\u021bi <\/em><span><a href=\"https:\/\/2021-2027.adrmuntenia.ro\"><em>2021-2027.adrmuntenia.ro<\/em><\/a><\/span><em>, iar despre celelalte programe cofinan\u021bate de Uniunea European\u0103, pute\u021bi accesa <\/em><span><a href=\"https:\/\/mfe.gov.ro\"><em>mfe.gov.ro<\/em><\/a><\/span><em>. <\/em><\/p>\n<p>[\/et_pb_text][et_pb_image src=&#8221;https:\/\/roll-bags.ro\/wp-content\/uploads\/2025\/08\/MUNTENIA.png&#8221; _builder_version=&#8221;3.0.96&#8243;][\/et_pb_image][\/et_pb_column][\/et_pb_row][\/et_pb_section]<\/p>\n","protected":false},"excerpt":{"rendered":"<p>[et_pb_section fb_built=&#8221;1&#8243; admin_label=&#8221;section&#8221; _builder_version=&#8221;3.0.47&#8243;][et_pb_row _builder_version=&#8221;3.0.96&#8243;][et_pb_column type=&#8221;4_4&#8243; _builder_version=&#8221;3.0.96&#8243; parallax=&#8221;off&#8221; parallax_method=&#8221;on&#8221;][et_pb_image src=&#8221;https:\/\/roll-bags.ro\/wp-content\/uploads\/2025\/08\/REGIO-SUD-MUNTENIA.png&#8221; _builder_version=&#8221;3.0.96&#8243;][\/et_pb_image][et_pb_text _builder_version=&#8221;3.0.96&#8243;] Descrierea proiectului \u201eInvestitii la ROLL-BAGS PLAST AG SRL\u201d &nbsp; ROLL-BAGS PLAST AG SRL, \u00een calitate de Beneficiar al Contractului de Finan\u021bare nr. 371\/30.07.2025, semnat in 31.07.2025, \u00eencheiat cu AM_PRSM_Agen\u021bia pentru Dezvoltare Regional\u0103 Sud-Muntenia (ADR Sud-Muntenia), implementeaz\u0103 \u00een perioada iulie 2025 &#8211; martie 2027, [&hellip;]<\/p>\n","protected":false},"author":1,"featured_media":0,"parent":0,"menu_order":0,"comment_status":"closed","ping_status":"closed","template":"","meta":{"footnotes":""},"class_list":["post-1246","page","type-page","status-publish","hentry"],"_links":{"self":[{"href":"https:\/\/roll-bags.ro\/acasa\/wp-json\/wp\/v2\/pages\/1246","targetHints":{"allow":["GET"]}}],"collection":[{"href":"https:\/\/roll-bags.ro\/acasa\/wp-json\/wp\/v2\/pages"}],"about":[{"href":"https:\/\/roll-bags.ro\/acasa\/wp-json\/wp\/v2\/types\/page"}],"author":[{"embeddable":true,"href":"https:\/\/roll-bags.ro\/acasa\/wp-json\/wp\/v2\/users\/1"}],"replies":[{"embeddable":true,"href":"https:\/\/roll-bags.ro\/acasa\/wp-json\/wp\/v2\/comments?post=1246"}],"version-history":[{"count":7,"href":"https:\/\/roll-bags.ro\/acasa\/wp-json\/wp\/v2\/pages\/1246\/revisions"}],"predecessor-version":[{"id":1273,"href":"https:\/\/roll-bags.ro\/acasa\/wp-json\/wp\/v2\/pages\/1246\/revisions\/1273"}],"wp:attachment":[{"href":"https:\/\/roll-bags.ro\/acasa\/wp-json\/wp\/v2\/media?parent=1246"}],"curies":[{"name":"wp","href":"https:\/\/api.w.org\/{rel}","templated":true}]}}